{"id":10,"date":"2012-01-06T16:01:40","date_gmt":"2012-01-06T16:01:40","guid":{"rendered":"http:\/\/miilang.mihkeleidast.eu\/?page_id=10"},"modified":"2026-02-16T15:27:22","modified_gmt":"2026-02-16T12:27:22","slug":"kontakt","status":"publish","type":"page","link":"http:\/\/www.htg.tartu.ee\/miilang\/kontakt\/","title":{"rendered":"Kontakt"},"content":{"rendered":"<h2>Postiaadress<\/h2>\n<p>&#8220;Miilang&#8221;<br \/>\nMunga 12<br \/>\n51007 Tartu<br \/>\nEesti<\/p>\n<h2>E-post<\/h2>\n<p>Saada meile m\u00f5ni p\u00f5nev uudis v\u00f5i hea soovitus!<\/p>\n<p><a href=\"mailto:miilang@htg.tartu.ee\">miilang@htg.tartu.ee<\/a><\/p>\n<h2>Peatoimetajad<\/h2>\n<p>Kaarel Koppel D24<br \/>\nLaura Kirk D24<\/p>\n","protected":false},"excerpt":{"rendered":"<p>Postiaadress &#8220;Miilang&#8221; Munga 12 51007 Tartu Eesti E-post Saada meile m\u00f5ni p\u00f5nev uudis v\u00f5i hea soovitus! miilang@htg.tartu.ee Peatoimetajad Kaarel Koppel D24 Laura Kirk D24<\/p>\n","protected":false},"author":1,"featured_media":351,"parent":0,"menu_order":0,"comment_status":"open","ping_status":"open","template":"","meta":{"_monsterinsights_skip_tracking":false,"_monsterinsights_sitenote_active":false,"_monsterinsights_sitenote_note":"","_monsterinsights_sitenote_category":0,"footnotes":""},"coauthors":[27],"acf":[],"_links":{"self":[{"href":"http:\/\/www.htg.tartu.ee\/miilang\/wp-json\/wp\/v2\/pages\/10"}],"collection":[{"href":"http:\/\/www.htg.tartu.ee\/miilang\/wp-json\/wp\/v2\/pages"}],"about":[{"href":"http:\/\/www.htg.tartu.ee\/miilang\/wp-json\/wp\/v2\/types\/page"}],"author":[{"embeddable":true,"href":"http:\/\/www.htg.tartu.ee\/miilang\/wp-json\/wp\/v2\/users\/1"}],"replies":[{"embeddable":true,"href":"http:\/\/www.htg.tartu.ee\/miilang\/wp-json\/wp\/v2\/comments?post=10"}],"version-history":[{"count":5,"href":"http:\/\/www.htg.tartu.ee\/miilang\/wp-json\/wp\/v2\/pages\/10\/revisions"}],"predecessor-version":[{"id":5191,"href":"http:\/\/www.htg.tartu.ee\/miilang\/wp-json\/wp\/v2\/pages\/10\/revisions\/5191"}],"wp:featuredmedia":[{"embeddable":true,"href":"http:\/\/www.htg.tartu.ee\/miilang\/wp-json\/wp\/v2\/media\/351"}],"wp:attachment":[{"href":"http:\/\/www.htg.tartu.ee\/miilang\/wp-json\/wp\/v2\/media?parent=10"}],"wp:term":[{"taxonomy":"author","embeddable":true,"href":"http:\/\/www.htg.tartu.ee\/miilang\/wp-json\/wp\/v2\/coauthors?post=10"}],"curies":[{"name":"wp","href":"https:\/\/api.w.org\/{rel}","templated":true}]}}